{"id":46,"date":"2025-02-27T11:28:49","date_gmt":"2025-02-27T09:28:49","guid":{"rendered":"http:\/\/fvm.co.at\/?page_id=46"},"modified":"2025-02-27T11:28:50","modified_gmt":"2025-02-27T09:28:50","slug":"info","status":"publish","type":"page","link":"http:\/\/fvm.co.at\/?page_id=46","title":{"rendered":"Info"},"content":{"rendered":"<h4>Die Zufriedenheit unserer Kunden ist uns schon immer ein gro\u00dfes Anliegen gewesen.<\/h4>\n<p>Deshalb k\u00f6nnen unsere Kunden auf innovative und fortschrittliche Produkte unseres Hauses vertrauen.<\/p>\n<p><strong>Gr\u00f6\u00dftm\u00f6gliche Qualit\u00e4t ist unser Programm, entsprechend w\u00e4hlen wir unsere Partner aus.<\/strong><\/p>\n<h4>Tipp vom Versicherungsmakler:<\/h4>\n<ul>\n<li>beim Wechsel ihrer Autoversicherung entstehen keine Anmeldegeb\u00fchren.<\/li>\n<li>Sie k\u00f6nnen ihre KFZ Haftfplichtversicherung bei Pr\u00e4mienerh\u00f6hung oder bei Ablauf k\u00fcndigen.<\/li>\n<\/ul>\n","protected":false},"excerpt":{"rendered":"<p>Die Zufriedenheit unserer Kunden ist uns schon immer ein gro\u00dfes Anliegen gewesen. Deshalb k\u00f6nnen unsere Kunden auf innovative und fortschrittliche Produkte unseres Hauses vertrauen. Gr\u00f6\u00dftm\u00f6gliche Qualit\u00e4t ist unser Programm, entsprechend w\u00e4hlen wir unsere Partner aus. Tipp vom Versicherungsmakler: beim Wechsel ihrer Autoversicherung entstehen keine Anmeldegeb\u00fchren. Sie k\u00f6nnen ihre KFZ Haftfplichtversicherung bei Pr\u00e4mienerh\u00f6hung oder bei Ablauf [&hellip;]<\/p>\n","protected":false},"author":3,"featured_media":0,"parent":13,"menu_order":0,"comment_status":"closed","ping_status":"closed","template":"page-fullwidth.php","meta":[],"_links":{"self":[{"href":"http:\/\/fvm.co.at\/index.php?rest_route=\/wp\/v2\/pages\/46"}],"collection":[{"href":"http:\/\/fvm.co.at\/index.php?rest_route=\/wp\/v2\/pages"}],"about":[{"href":"http:\/\/fvm.co.at\/index.php?rest_route=\/wp\/v2\/types\/page"}],"author":[{"embeddable":true,"href":"http:\/\/fvm.co.at\/index.php?rest_route=\/wp\/v2\/users\/3"}],"replies":[{"embeddable":true,"href":"http:\/\/fvm.co.at\/index.php?rest_route=%2Fwp%2Fv2%2Fcomments&post=46"}],"version-history":[{"count":2,"href":"http:\/\/fvm.co.at\/index.php?rest_route=\/wp\/v2\/pages\/46\/revisions"}],"predecessor-version":[{"id":102,"href":"http:\/\/fvm.co.at\/index.php?rest_route=\/wp\/v2\/pages\/46\/revisions\/102"}],"up":[{"embeddable":true,"href":"http:\/\/fvm.co.at\/index.php?rest_route=\/wp\/v2\/pages\/13"}],"wp:attachment":[{"href":"http:\/\/fvm.co.at\/index.php?rest_route=%2Fwp%2Fv2%2Fmedia&parent=46"}],"curies":[{"name":"wp","href":"https:\/\/api.w.org\/{rel}","templated":true}]}}