{"id":40,"date":"2014-07-28T19:59:44","date_gmt":"2014-07-28T17:59:44","guid":{"rendered":"http:\/\/fvm.co.at\/?page_id=40"},"modified":"2014-07-28T22:23:51","modified_gmt":"2014-07-28T20:23:51","slug":"rechtschutz","status":"publish","type":"page","link":"http:\/\/fvm.co.at\/?page_id=40","title":{"rendered":"Rechtschutz"},"content":{"rendered":"<h4>Recht haben und Recht bekommen<\/h4>\n<p>Die Kosten f\u00fcr Anw\u00e4lte, Sachverst\u00e4ndiger und Gerichte sind so hoch das die eigenen Forderungen oft nicht durchgesetzt werden k\u00f6nnen. Die Rechtsschutzversicherung sorgt daf\u00fcr, dass Sie im Falle eines Falles nicht aus finanziellen Gr\u00fcnden auf Ihr Recht verzichten m\u00fcssen.<\/p>\n<h4>Verzichten Sie nicht auf Ihr gutes Recht!<\/h4>\n<p>Wir haben f\u00fcr Sie die richtige L\u00f6sung!<\/p>\n","protected":false},"excerpt":{"rendered":"<p>Recht haben und Recht bekommen Die Kosten f\u00fcr Anw\u00e4lte, Sachverst\u00e4ndiger und Gerichte sind so hoch das die eigenen Forderungen oft nicht durchgesetzt werden k\u00f6nnen. Die Rechtsschutzversicherung sorgt daf\u00fcr, dass Sie im Falle eines Falles nicht aus finanziellen Gr\u00fcnden auf Ihr Recht verzichten m\u00fcssen. Verzichten Sie nicht auf Ihr gutes Recht! Wir haben f\u00fcr Sie die [&hellip;]<\/p>\n","protected":false},"author":1,"featured_media":0,"parent":13,"menu_order":0,"comment_status":"closed","ping_status":"closed","template":"page-fullwidth.php","meta":[],"_links":{"self":[{"href":"http:\/\/fvm.co.at\/index.php?rest_route=\/wp\/v2\/pages\/40"}],"collection":[{"href":"http:\/\/fvm.co.at\/index.php?rest_route=\/wp\/v2\/pages"}],"about":[{"href":"http:\/\/fvm.co.at\/index.php?rest_route=\/wp\/v2\/types\/page"}],"author":[{"embeddable":true,"href":"http:\/\/fvm.co.at\/index.php?rest_route=\/wp\/v2\/users\/1"}],"replies":[{"embeddable":true,"href":"http:\/\/fvm.co.at\/index.php?rest_route=%2Fwp%2Fv2%2Fcomments&post=40"}],"version-history":[{"count":2,"href":"http:\/\/fvm.co.at\/index.php?rest_route=\/wp\/v2\/pages\/40\/revisions"}],"predecessor-version":[{"id":98,"href":"http:\/\/fvm.co.at\/index.php?rest_route=\/wp\/v2\/pages\/40\/revisions\/98"}],"up":[{"embeddable":true,"href":"http:\/\/fvm.co.at\/index.php?rest_route=\/wp\/v2\/pages\/13"}],"wp:attachment":[{"href":"http:\/\/fvm.co.at\/index.php?rest_route=%2Fwp%2Fv2%2Fmedia&parent=40"}],"curies":[{"name":"wp","href":"https:\/\/api.w.org\/{rel}","templated":true}]}}