{"id":38,"date":"2025-02-27T11:25:27","date_gmt":"2025-02-27T09:25:27","guid":{"rendered":"http:\/\/fvm.co.at\/?page_id=38"},"modified":"2025-02-27T11:26:54","modified_gmt":"2025-02-27T09:26:54","slug":"betrieb-und-landwirtschaft","status":"publish","type":"page","link":"http:\/\/fvm.co.at\/?page_id=38","title":{"rendered":"Betrieb und Landwirtschaft"},"content":{"rendered":"<h4>In Ihrer Firma sehen wir die Gefahren<\/h4>\n<p>Wir k\u00f6nnen in Ihrem Unternehmen nicht jedes Risiko versichern. Aber wir wollen auch kein Risiko \u00fcbersehen.<\/p>\n<p>Mit den g\u00fcnstigsten Pr\u00e4mien, die die internationalen M\u00e4rkte bieten! Wir nehmen uns Zeit mit Ihnen das passende Konzept zu erstellen.<\/p>\n<h4>Richtige Analyse, Top-Beratung damit Ihr Unternehmen optimal gesch\u00fctzt ist.<\/h4>\n<p>Und wenn ein Schaden eintritt, k\u00f6nnen Sie sich ebenfalls auf <strong>FVM Pr\u00f6ll<\/strong> verlassen!<\/p>\n","protected":false},"excerpt":{"rendered":"<p>In Ihrer Firma sehen wir die Gefahren Wir k\u00f6nnen in Ihrem Unternehmen nicht jedes Risiko versichern. Aber wir wollen auch kein Risiko \u00fcbersehen. Mit den g\u00fcnstigsten Pr\u00e4mien, die die internationalen M\u00e4rkte bieten! Wir nehmen uns Zeit mit Ihnen das passende Konzept zu erstellen. Richtige Analyse, Top-Beratung damit Ihr Unternehmen optimal gesch\u00fctzt ist. Und wenn ein [&hellip;]<\/p>\n","protected":false},"author":3,"featured_media":0,"parent":13,"menu_order":0,"comment_status":"closed","ping_status":"closed","template":"page-fullwidth.php","meta":[],"_links":{"self":[{"href":"http:\/\/fvm.co.at\/index.php?rest_route=\/wp\/v2\/pages\/38"}],"collection":[{"href":"http:\/\/fvm.co.at\/index.php?rest_route=\/wp\/v2\/pages"}],"about":[{"href":"http:\/\/fvm.co.at\/index.php?rest_route=\/wp\/v2\/types\/page"}],"author":[{"embeddable":true,"href":"http:\/\/fvm.co.at\/index.php?rest_route=\/wp\/v2\/users\/3"}],"replies":[{"embeddable":true,"href":"http:\/\/fvm.co.at\/index.php?rest_route=%2Fwp%2Fv2%2Fcomments&post=38"}],"version-history":[{"count":3,"href":"http:\/\/fvm.co.at\/index.php?rest_route=\/wp\/v2\/pages\/38\/revisions"}],"predecessor-version":[{"id":104,"href":"http:\/\/fvm.co.at\/index.php?rest_route=\/wp\/v2\/pages\/38\/revisions\/104"}],"up":[{"embeddable":true,"href":"http:\/\/fvm.co.at\/index.php?rest_route=\/wp\/v2\/pages\/13"}],"wp:attachment":[{"href":"http:\/\/fvm.co.at\/index.php?rest_route=%2Fwp%2Fv2%2Fmedia&parent=38"}],"curies":[{"name":"wp","href":"https:\/\/api.w.org\/{rel}","templated":true}]}}