{"id":32,"date":"2025-02-27T12:57:09","date_gmt":"2025-02-27T10:57:09","guid":{"rendered":"http:\/\/fvm.co.at\/?page_id=32"},"modified":"2025-02-27T12:57:10","modified_gmt":"2025-02-27T10:57:10","slug":"eigenheim","status":"publish","type":"page","link":"http:\/\/fvm.co.at\/?page_id=32","title":{"rendered":"Eigenheim"},"content":{"rendered":"<h4>Welche Gefahren k\u00f6nnen versichert werden?<\/h4>\n<ul>\n<li>Feuer<\/li>\n<li>Sturmschaden<\/li>\n<li>Leitungswasserschaden<\/li>\n<li>Geb\u00e4ude- und Grundst\u00fcckshaftpflicht<\/li>\n<li>private Haftpflichtversicherung<\/li>\n<li>Einbruchdiebstahl<\/li>\n<li>Grobe Fahrl\u00e4ssigkeit<\/li>\n<li>Optische Sch\u00e4den<\/li>\n<\/ul>\n<p>Dabei versichern wir nicht nur das Geb\u00e4ude selbst, sondern auch <strong>Einbauten, sanit\u00e4re Installationen oder elektrische Anlagen, Garagen und auch Nebengeb\u00e4ude<\/strong>.<\/p>\n<h4>Tipp vom Versicherungsmakler:<\/h4>\n<p><strong>Damit es im Schadenfall nicht zu b\u00f6sen \u00dcberraschungen kommt, sollte die Versicherungssumme richtig gew\u00e4hlt werden. Die meisten Versicherer verzichten auf den Einwand der Unterversicherung, wenn f\u00fcr die Feststellung der Versicherungssummen die richtige Gr\u00f6\u00dfe (verbaute Fl\u00e4che) des Hauses herangezogen wird. <\/strong><\/p>\n","protected":false},"excerpt":{"rendered":"<p>Welche Gefahren k\u00f6nnen versichert werden? Feuer Sturmschaden Leitungswasserschaden Geb\u00e4ude- und Grundst\u00fcckshaftpflicht private Haftpflichtversicherung Einbruchdiebstahl Grobe Fahrl\u00e4ssigkeit Optische Sch\u00e4den Dabei versichern wir nicht nur das Geb\u00e4ude selbst, sondern auch Einbauten, sanit\u00e4re Installationen oder elektrische Anlagen, Garagen und auch Nebengeb\u00e4ude. Tipp vom Versicherungsmakler: Damit es im Schadenfall nicht zu b\u00f6sen \u00dcberraschungen kommt, sollte die Versicherungssumme richtig gew\u00e4hlt [&hellip;]<\/p>\n","protected":false},"author":3,"featured_media":0,"parent":13,"menu_order":0,"comment_status":"closed","ping_status":"closed","template":"page-fullwidth.php","meta":[],"_links":{"self":[{"href":"http:\/\/fvm.co.at\/index.php?rest_route=\/wp\/v2\/pages\/32"}],"collection":[{"href":"http:\/\/fvm.co.at\/index.php?rest_route=\/wp\/v2\/pages"}],"about":[{"href":"http:\/\/fvm.co.at\/index.php?rest_route=\/wp\/v2\/types\/page"}],"author":[{"embeddable":true,"href":"http:\/\/fvm.co.at\/index.php?rest_route=\/wp\/v2\/users\/3"}],"replies":[{"embeddable":true,"href":"http:\/\/fvm.co.at\/index.php?rest_route=%2Fwp%2Fv2%2Fcomments&post=32"}],"version-history":[{"count":3,"href":"http:\/\/fvm.co.at\/index.php?rest_route=\/wp\/v2\/pages\/32\/revisions"}],"predecessor-version":[{"id":344,"href":"http:\/\/fvm.co.at\/index.php?rest_route=\/wp\/v2\/pages\/32\/revisions\/344"}],"up":[{"embeddable":true,"href":"http:\/\/fvm.co.at\/index.php?rest_route=\/wp\/v2\/pages\/13"}],"wp:attachment":[{"href":"http:\/\/fvm.co.at\/index.php?rest_route=%2Fwp%2Fv2%2Fmedia&parent=32"}],"curies":[{"name":"wp","href":"https:\/\/api.w.org\/{rel}","templated":true}]}}