{"id":30,"date":"2025-02-27T11:27:59","date_gmt":"2025-02-27T09:27:59","guid":{"rendered":"http:\/\/fvm.co.at\/?page_id=30"},"modified":"2025-02-27T11:28:00","modified_gmt":"2025-02-27T09:28:00","slug":"haushalt","status":"publish","type":"page","link":"http:\/\/fvm.co.at\/?page_id=30","title":{"rendered":"Haushalt"},"content":{"rendered":"<h4>Sie sollten darauf achten, dass folgende Dinge ber\u00fccksichtigt werden:<\/h4>\n<ul>\n<li>generelle Neuwertentsch\u00e4digung<\/li>\n<li>Verzicht des Verwandtenausschlusses<\/li>\n<li>Unterversicherungsverzicht<\/li>\n<li>Indirekter Blitzschlag<\/li>\n<li>grobe Fahrl\u00e4ssigkeit<\/li>\n<\/ul>\n","protected":false},"excerpt":{"rendered":"<p>Sie sollten darauf achten, dass folgende Dinge ber\u00fccksichtigt werden: generelle Neuwertentsch\u00e4digung Verzicht des Verwandtenausschlusses Unterversicherungsverzicht Indirekter Blitzschlag grobe Fahrl\u00e4ssigkeit<\/p>\n","protected":false},"author":3,"featured_media":0,"parent":13,"menu_order":0,"comment_status":"closed","ping_status":"closed","template":"page-fullwidth.php","meta":[],"_links":{"self":[{"href":"http:\/\/fvm.co.at\/index.php?rest_route=\/wp\/v2\/pages\/30"}],"collection":[{"href":"http:\/\/fvm.co.at\/index.php?rest_route=\/wp\/v2\/pages"}],"about":[{"href":"http:\/\/fvm.co.at\/index.php?rest_route=\/wp\/v2\/types\/page"}],"author":[{"embeddable":true,"href":"http:\/\/fvm.co.at\/index.php?rest_route=\/wp\/v2\/users\/3"}],"replies":[{"embeddable":true,"href":"http:\/\/fvm.co.at\/index.php?rest_route=%2Fwp%2Fv2%2Fcomments&post=30"}],"version-history":[{"count":2,"href":"http:\/\/fvm.co.at\/index.php?rest_route=\/wp\/v2\/pages\/30\/revisions"}],"predecessor-version":[{"id":90,"href":"http:\/\/fvm.co.at\/index.php?rest_route=\/wp\/v2\/pages\/30\/revisions\/90"}],"up":[{"embeddable":true,"href":"http:\/\/fvm.co.at\/index.php?rest_route=\/wp\/v2\/pages\/13"}],"wp:attachment":[{"href":"http:\/\/fvm.co.at\/index.php?rest_route=%2Fwp%2Fv2%2Fmedia&parent=30"}],"curies":[{"name":"wp","href":"https:\/\/api.w.org\/{rel}","templated":true}]}}