{"id":26,"date":"2025-02-27T11:29:13","date_gmt":"2025-02-27T09:29:13","guid":{"rendered":"http:\/\/fvm.co.at\/?page_id=26"},"modified":"2025-02-27T11:29:13","modified_gmt":"2025-02-27T09:29:13","slug":"kfz","status":"publish","type":"page","link":"http:\/\/fvm.co.at\/?page_id=26","title":{"rendered":"Kfz"},"content":{"rendered":"<p><!--pixgridder:row[cols=1]--><!--pixgridder:column[col=1]--><\/p>\n<h2>Versicherungsschutz nach Ma\u00df f\u00fcr Ihr Auto<\/h2>\n<p>Wir ber\u00fccksichtigen Ihre Lebens- und Fahrgewohnheiten. Die Art und Verwendung des Fahrzeuges, die j\u00e4hrliche Fahrleistung, ihren Beruf, ihren Wohnort u.v.m. Nach diesen Kriterien suchen wir f\u00fcr Sie die beste und g\u00fcnstigste Versicherung.<\/p>\n<p>&nbsp;<\/p>\n<p>&nbsp;<\/p>\n<p><!--\/pixgridder:column[col=1]--><!--\/pixgridder:row[cols=1]--><\/p>\n","protected":false},"excerpt":{"rendered":"<p>Versicherungsschutz nach Ma\u00df f\u00fcr Ihr Auto Wir ber\u00fccksichtigen Ihre Lebens- und Fahrgewohnheiten. Die Art und Verwendung des Fahrzeuges, die j\u00e4hrliche Fahrleistung, ihren Beruf, ihren Wohnort u.v.m. Nach diesen Kriterien suchen wir f\u00fcr Sie die beste und g\u00fcnstigste Versicherung. &nbsp; &nbsp;<\/p>\n","protected":false},"author":1,"featured_media":0,"parent":13,"menu_order":0,"comment_status":"closed","ping_status":"closed","template":"page-fullwidth.php","meta":[],"_links":{"self":[{"href":"http:\/\/fvm.co.at\/index.php?rest_route=\/wp\/v2\/pages\/26"}],"collection":[{"href":"http:\/\/fvm.co.at\/index.php?rest_route=\/wp\/v2\/pages"}],"about":[{"href":"http:\/\/fvm.co.at\/index.php?rest_route=\/wp\/v2\/types\/page"}],"author":[{"embeddable":true,"href":"http:\/\/fvm.co.at\/index.php?rest_route=\/wp\/v2\/users\/1"}],"replies":[{"embeddable":true,"href":"http:\/\/fvm.co.at\/index.php?rest_route=%2Fwp%2Fv2%2Fcomments&post=26"}],"version-history":[{"count":4,"href":"http:\/\/fvm.co.at\/index.php?rest_route=\/wp\/v2\/pages\/26\/revisions"}],"predecessor-version":[{"id":308,"href":"http:\/\/fvm.co.at\/index.php?rest_route=\/wp\/v2\/pages\/26\/revisions\/308"}],"up":[{"embeddable":true,"href":"http:\/\/fvm.co.at\/index.php?rest_route=\/wp\/v2\/pages\/13"}],"wp:attachment":[{"href":"http:\/\/fvm.co.at\/index.php?rest_route=%2Fwp%2Fv2%2Fmedia&parent=26"}],"curies":[{"name":"wp","href":"https:\/\/api.w.org\/{rel}","templated":true}]}}