{"id":10,"date":"2025-02-26T09:21:17","date_gmt":"2025-02-26T07:21:17","guid":{"rendered":"http:\/\/fvm.co.at\/?page_id=10"},"modified":"2025-02-26T09:21:27","modified_gmt":"2025-02-26T07:21:27","slug":"unsere-vision","status":"publish","type":"page","link":"http:\/\/fvm.co.at\/?page_id=10","title":{"rendered":"Warum zum Makler"},"content":{"rendered":"<h2>Der Versicherungsmakler ist laut Gesetz dazu verpflichtet, den Bestbieter und das beste Preis &#8211; Leistungs &#8211; Verh\u00e4ltnis zu erstellen.<\/h2>\n<p>Der Makler ist immer auf der Seite des Kunden, ist ungebunden von den Versicherungsanstalten. Der Makler arbeitet f\u00fcr Sie und nicht f\u00fcr eine Versicherung. FVM Pr\u00f6ll ist der Versicherungsmakler und in Ihre N\u00e4he.<\/p>\n<p>Mit mehr als<strong> 29 Kooperationsvertr\u00e4gen<\/strong> mit Versicherungen unterstreichen die Ungebundenheit und die Glaubw\u00fcrdigkeit eines optimalen Versicherungsvergleichs-\/ beratung.<\/p>\n<p>Unser Service ist der VERSICHERUNGS-VERGLEICH UND POLIZZENSERVICE. KEINE SP\u00c4TEREN VERSTECKTEN KOSTEN .<\/p>\n<p>DER VERSICHERUNGSMAKLER \u00dcBERPR\u00dcFT BESTEHENDE POLIZZEN UND VERGLEICHT DIE PR\u00c4MIEN &#8211; WAS DEM KUNDEN AUF DER EINEN SEITE GELD SPART UND AUF DER ANDEREN SEITE DIE SICHERHEIT ERH\u00d6HT.<\/p>\n","protected":false},"excerpt":{"rendered":"<p>Der Versicherungsmakler ist laut Gesetz dazu verpflichtet, den Bestbieter und das beste Preis &#8211; Leistungs &#8211; Verh\u00e4ltnis zu erstellen. Der Makler ist immer auf der Seite des Kunden, ist ungebunden von den Versicherungsanstalten. Der Makler arbeitet f\u00fcr Sie und nicht f\u00fcr eine Versicherung. FVM Pr\u00f6ll ist der Versicherungsmakler und in Ihre N\u00e4he. Mit mehr als [&hellip;]<\/p>\n","protected":false},"author":3,"featured_media":0,"parent":0,"menu_order":0,"comment_status":"closed","ping_status":"closed","template":"page-fullwidth.php","meta":[],"_links":{"self":[{"href":"http:\/\/fvm.co.at\/index.php?rest_route=\/wp\/v2\/pages\/10"}],"collection":[{"href":"http:\/\/fvm.co.at\/index.php?rest_route=\/wp\/v2\/pages"}],"about":[{"href":"http:\/\/fvm.co.at\/index.php?rest_route=\/wp\/v2\/types\/page"}],"author":[{"embeddable":true,"href":"http:\/\/fvm.co.at\/index.php?rest_route=\/wp\/v2\/users\/3"}],"replies":[{"embeddable":true,"href":"http:\/\/fvm.co.at\/index.php?rest_route=%2Fwp%2Fv2%2Fcomments&post=10"}],"version-history":[{"count":7,"href":"http:\/\/fvm.co.at\/index.php?rest_route=\/wp\/v2\/pages\/10\/revisions"}],"predecessor-version":[{"id":338,"href":"http:\/\/fvm.co.at\/index.php?rest_route=\/wp\/v2\/pages\/10\/revisions\/338"}],"wp:attachment":[{"href":"http:\/\/fvm.co.at\/index.php?rest_route=%2Fwp%2Fv2%2Fmedia&parent=10"}],"curies":[{"name":"wp","href":"https:\/\/api.w.org\/{rel}","templated":true}]}}